{"id":967,"date":"2021-11-01T19:06:56","date_gmt":"2021-11-01T18:06:56","guid":{"rendered":"http:\/\/przy.etnomuzeum.pl\/?page_id=967"},"modified":"2021-11-16T13:15:42","modified_gmt":"2021-11-16T12:15:42","slug":"literature","status":"publish","type":"page","link":"http:\/\/przy.etnomuzeum.pl\/?page_id=967&lang=en","title":{"rendered":"literature"},"content":{"rendered":"[vc_row type=&#8221;full_width_background&#8221; full_screen_row_position=&#8221;middle&#8221; column_margin=&#8221;default&#8221; column_direction=&#8221;default&#8221; column_direction_tablet=&#8221;default&#8221; column_direction_phone=&#8221;default&#8221; mouse_based_parallax_bg=&#8221;true&#8221; scene_position=&#8221;center&#8221; mouse_sensitivity=&#8221;25&#8243; layer_one_image=&#8221;866&#8243; layer_one_strength=&#8221;0.1&#8243; layer_two_image=&#8221;988&#8243; layer_two_strength=&#8221;0.5&#8243; bottom_padding=&#8221;900&#8243; text_color=&#8221;dark&#8221; text_align=&#8221;left&#8221; row_border_radius=&#8221;none&#8221; row_border_radius_applies=&#8221;bg&#8221; overlay_strength=&#8221;0.3&#8243; gradient_direction=&#8221;left_to_right&#8221; shape_divider_position=&#8221;bottom&#8221; bg_image_animation=&#8221;none&#8221; shape_type=&#8221;&#8221;][vc_column column_padding=&#8221;no-extra-padding&#8221; column_padding_tablet=&#8221;inherit&#8221; column_padding_phone=&#8221;inherit&#8221; column_padding_position=&#8221;all&#8221; column_element_spacing=&#8221;default&#8221; background_color_opacity=&#8221;1&#8243; background_hover_color_opacity=&#8221;1&#8243; column_shadow=&#8221;none&#8221; column_border_radius=&#8221;none&#8221; column_link_target=&#8221;_self&#8221; gradient_direction=&#8221;left_to_right&#8221; overlay_strength=&#8221;0.3&#8243; width=&#8221;1\/1&#8243; tablet_width_inherit=&#8221;default&#8221; tablet_text_alignment=&#8221;default&#8221; phone_text_alignment=&#8221;default&#8221; bg_image_animation=&#8221;none&#8221; border_type=&#8221;simple&#8221; column_border_width=&#8221;none&#8221; column_border_style=&#8221;solid&#8221;][\/vc_column][\/vc_row][vc_row type=&#8221;in_container&#8221; full_screen_row_position=&#8221;middle&#8221; column_margin=&#8221;default&#8221; column_direction=&#8221;default&#8221; column_direction_tablet=&#8221;default&#8221; column_direction_phone=&#8221;default&#8221; scene_position=&#8221;center&#8221; top_padding=&#8221;100&#8243; bottom_padding=&#8221;100&#8243; text_color=&#8221;dark&#8221; text_align=&#8221;left&#8221; row_border_radius=&#8221;none&#8221; row_border_radius_applies=&#8221;bg&#8221; overlay_strength=&#8221;0.3&#8243; gradient_direction=&#8221;left_to_right&#8221; shape_divider_position=&#8221;bottom&#8221; bg_image_animation=&#8221;none&#8221; shape_type=&#8221;&#8221;][vc_column column_padding=&#8221;no-extra-padding&#8221; column_padding_tablet=&#8221;inherit&#8221; column_padding_phone=&#8221;inherit&#8221; column_padding_position=&#8221;all&#8221; column_element_spacing=&#8221;default&#8221; background_color_opacity=&#8221;1&#8243; background_hover_color_opacity=&#8221;1&#8243; column_shadow=&#8221;none&#8221; column_border_radius=&#8221;none&#8221; column_link_target=&#8221;_self&#8221; gradient_direction=&#8221;left_to_right&#8221; overlay_strength=&#8221;0.3&#8243; width=&#8221;1\/1&#8243; tablet_width_inherit=&#8221;default&#8221; tablet_text_alignment=&#8221;default&#8221; phone_text_alignment=&#8221;default&#8221; bg_image_animation=&#8221;none&#8221; border_type=&#8221;simple&#8221; column_border_width=&#8221;none&#8221; column_border_style=&#8221;solid&#8221;][vc_column_text]\n<h3 class=\"p1\" style=\"text-align: center;\">Easter customs \u201ePrzywo\u0142\u00f3wki dyngusowe\u201d in Kuyavia<\/h3>\n<h3 class=\"p1\" style=\"text-align: center;\"><span style=\"color: #ff0000;\">LITERATURE<\/span><\/h3>\n[\/vc_column_text][divider line_type=&#8221;No Line&#8221; custom_height=&#8221;25&#8243;][vc_column_text]\n<p class=\"p1\"><span class=\"s1\">Dunin-Karwicka Teresa, <\/span><span class=\"s2\"><i>Rola tradycji w kulturze wsi kujawskiej<\/i><\/span><span class=\"s1\">, Toru\u0144 2000<\/span><\/p>\n<p class=\"p1\"><span class=\"s2\">Kasi\u0144ska Barbara, <\/span><span class=\"s3\"><i>Przywo\u0142\u00f3wki szymborskie 1833-2012<\/i><\/span><span class=\"s2\">, Inowroc\u0142aw 2012<br \/>\n<\/span><\/p>\n<p class=\"p1\"><span class=\"s2\">Kolberg Oskar, <\/span><span class=\"s3\"><i>Dzie\u0142a wszystkie<\/i><\/span><span class=\"s2\">,<\/span><span class=\"s3\"><i> Kujawy<\/i><\/span><span class=\"s2\">, t. 3, cz. I, Wroc\u0142aw-Pozna\u0144 1962<br \/>\n<\/span><\/p>\n<p class=\"p1\"><span class=\"s2\">Kolberg Oskar, <\/span><span class=\"s3\"><i>Dzie\u0142a wszystkie<\/i><\/span><span class=\"s2\">,<\/span><span class=\"s3\"><i> Kujawy<\/i><\/span><span class=\"s2\">, t. 4, cz. II, Wroc\u0142aw-Pozna\u0144 1962<br \/>\n<\/span><\/p>\n<p class=\"p1\"><span class=\"s2\">Kolberg Oskar, <\/span><span class=\"s3\"><i>Dzie\u0142a wszystkie<\/i><\/span><span class=\"s2\">,<\/span><span class=\"s3\"><i> W. Ksi\u0119stwo Pozna\u0144skie<\/i><\/span><span class=\"s2\">, t. 13, cz. V, Wroc\u0142aw-Pozna\u0144 1963<br \/>\n<\/span><\/p>\n<p class=\"p1\"><span class=\"s1\">Korczak Rafa\u0142, <\/span><span class=\"s2\"><i>Szymborskie przywo\u0142ywki \u2013 unikatowe zjawisko kujawskiej kultury regionalnej<\/i><\/span><span class=\"s1\">,<br \/>\n<\/span><span class=\"s2\">\u201eLud\u201d 2010, t. XCIV, s. 347-365<br \/>\n<\/span><\/p>\n<p class=\"p1\"><span class=\"s2\">\u0141opaty\u0144ska Hanna, <\/span><span class=\"s3\"><i>Kawalerowie z Szymborza<\/i><\/span><span class=\"s2\">, \u201eTw\u00f3rczo\u015b\u0107 Ludowa\u201d 2004, nr 3, s.34-35<br \/>\n<\/span><\/p>\n<p class=\"p1\"><span class=\"s1\">Ogrodowska Barbara, <\/span><span class=\"s2\"><i>Zwyczaje, obrz\u0119dy i tradycje w Polsce<\/i><\/span><span class=\"s1\">, Warszawa 2000<br \/>\n<\/span><\/p>\n<p class=\"p1\"><span class=\"s1\">Przes\u0142awska Halina, <\/span><span class=\"s2\"><i>Przywo\u0142ywki dyngusowe na Kujawach<\/i><\/span><span class=\"s1\">, Toru\u0144 1974<br \/>\n<\/span><i><\/i><\/p>\n<p class=\"p1\"><span class=\"s3\"><i>Przywo\u0142\u00f3wki dyngusowe w Szymborzu, <\/i><\/span><span class=\"s2\">\u201eKrajowa lista niematerialnego dziedzictwa kulturowego\u201d, Warszawa 2016<br \/>\n<\/span><\/p>\n<p class=\"p1\"><span class=\"s2\">Sk\u0142odowska-Antonowicz Kalina, <\/span><span class=\"s3\"><i>Obrz\u0119dy doroczne i zwyczaje na Kujawach<\/i><\/span><span class=\"s2\">, \u201eLiteratura Ludowa\u201d 1963, R. VII, nr 4, s. 21-28<br \/>\n<\/span><\/p>\n<p class=\"p1\"><span class=\"s2\">Szkulmowska Wanda, <\/span><span class=\"s3\"><i>Ziemia rodzinna to Kujawy<\/i><\/span><span class=\"s2\">, Bydgoszcz 2006<\/span><\/p>\n[\/vc_column_text][\/vc_column][\/vc_row]\n","protected":false},"excerpt":{"rendered":"<p>[vc_row type=&#8221;full_width_background&#8221; full_screen_row_position=&#8221;middle&#8221; column_margin=&#8221;default&#8221; column_direction=&#8221;default&#8221; column_direction_tablet=&#8221;default&#8221; column_direction_phone=&#8221;default&#8221; mouse_based_parallax_bg=&#8221;true&#8221; scene_position=&#8221;center&#8221; mouse_sensitivity=&#8221;25&#8243; layer_one_image=&#8221;866&#8243; layer_one_strength=&#8221;0.1&#8243; layer_two_image=&#8221;988&#8243; layer_two_strength=&#8221;0.5&#8243; bottom_padding=&#8221;900&#8243; text_color=&#8221;dark&#8221; text_align=&#8221;left&#8221; row_border_radius=&#8221;none&#8221; row_border_radius_applies=&#8221;bg&#8221; overlay_strength=&#8221;0.3&#8243; gradient_direction=&#8221;left_to_right&#8221; shape_divider_position=&#8221;bottom&#8221; bg_image_animation=&#8221;none&#8221; shape_type=&#8221;&#8221;][vc_column column_padding=&#8221;no-extra-padding&#8221; column_padding_tablet=&#8221;inherit&#8221; column_padding_phone=&#8221;inherit&#8221; column_padding_position=&#8221;all&#8221; column_element_spacing=&#8221;default&#8221; background_color_opacity=&#8221;1&#8243;&#8230;<\/p>\n","protected":false},"author":1,"featured_media":0,"parent":0,"menu_order":0,"comment_status":"closed","ping_status":"closed","template":"","meta":{"footnotes":""},"class_list":["post-967","page","type-page","status-publish"],"yoast_head":"<!-- This site is optimized with the Yoast SEO plugin v17.1 - https:\/\/yoast.com\/wordpress\/plugins\/seo\/ -->\n<title>literature - Zwyczaje wielkanocne Przywo\u0142\u00f3wki dysngusowe na Kujawach<\/title>\n<meta name=\"robots\" content=\"index, follow, max-snippet:-1, max-image-preview:large, max-video-preview:-1\" \/>\n<link rel=\"canonical\" href=\"http:\/\/przy.etnomuzeum.pl\/?page_id=967&#038;lang=en\" \/>\n<meta property=\"og:locale\" content=\"en_US\" \/>\n<meta property=\"og:type\" content=\"article\" \/>\n<meta property=\"og:title\" content=\"literature - Zwyczaje wielkanocne Przywo\u0142\u00f3wki dysngusowe na Kujawach\" \/>\n<meta property=\"og:description\" content=\"[vc_row type=&#8221;full_width_background&#8221; full_screen_row_position=&#8221;middle&#8221; column_margin=&#8221;default&#8221; column_direction=&#8221;default&#8221; column_direction_tablet=&#8221;default&#8221; column_direction_phone=&#8221;default&#8221; mouse_based_parallax_bg=&#8221;true&#8221; scene_position=&#8221;center&#8221; mouse_sensitivity=&#8221;25&#8243; layer_one_image=&#8221;866&#8243; layer_one_strength=&#8221;0.1&#8243; layer_two_image=&#8221;988&#8243; layer_two_strength=&#8221;0.5&#8243; bottom_padding=&#8221;900&#8243; text_color=&#8221;dark&#8221; text_align=&#8221;left&#8221; row_border_radius=&#8221;none&#8221; row_border_radius_applies=&#8221;bg&#8221; overlay_strength=&#8221;0.3&#8243; gradient_direction=&#8221;left_to_right&#8221; shape_divider_position=&#8221;bottom&#8221; bg_image_animation=&#8221;none&#8221; shape_type=&#8221;&#8221;][vc_column column_padding=&#8221;no-extra-padding&#8221; column_padding_tablet=&#8221;inherit&#8221; column_padding_phone=&#8221;inherit&#8221; column_padding_position=&#8221;all&#8221; column_element_spacing=&#8221;default&#8221; background_color_opacity=&#8221;1&#8243;...\" \/>\n<meta property=\"og:url\" content=\"http:\/\/przy.etnomuzeum.pl\/?page_id=967&amp;lang=en\" \/>\n<meta property=\"og:site_name\" content=\"Zwyczaje wielkanocne Przywo\u0142\u00f3wki dysngusowe na Kujawach\" \/>\n<meta property=\"article:modified_time\" content=\"2021-11-16T12:15:42+00:00\" \/>\n<meta name=\"twitter:card\" content=\"summary_large_image\" \/>\n<meta name=\"twitter:label1\" content=\"Est. reading time\" \/>\n\t<meta name=\"twitter:data1\" content=\"2 minutes\" \/>\n<script type=\"application\/ld+json\" class=\"yoast-schema-graph\">{\"@context\":\"https:\/\/schema.org\",\"@graph\":[{\"@type\":\"WebSite\",\"@id\":\"http:\/\/przy.etnomuzeum.pl\/#website\",\"url\":\"http:\/\/przy.etnomuzeum.pl\/\",\"name\":\"Zwyczaje wielkanocne Przywo\\u0142\\u00f3wki dysngusowe na Kujawach\",\"description\":\"Dziedzictwo Niematerialne\/ Ulotne tradycje\",\"potentialAction\":[{\"@type\":\"SearchAction\",\"target\":{\"@type\":\"EntryPoint\",\"urlTemplate\":\"http:\/\/przy.etnomuzeum.pl\/?s={search_term_string}\"},\"query-input\":\"required name=search_term_string\"}],\"inLanguage\":\"en-US\"},{\"@type\":\"WebPage\",\"@id\":\"http:\/\/przy.etnomuzeum.pl\/?page_id=967&lang=en#webpage\",\"url\":\"http:\/\/przy.etnomuzeum.pl\/?page_id=967&lang=en\",\"name\":\"literature - Zwyczaje wielkanocne Przywo\\u0142\\u00f3wki dysngusowe na Kujawach\",\"isPartOf\":{\"@id\":\"http:\/\/przy.etnomuzeum.pl\/#website\"},\"datePublished\":\"2021-11-01T18:06:56+00:00\",\"dateModified\":\"2021-11-16T12:15:42+00:00\",\"breadcrumb\":{\"@id\":\"http:\/\/przy.etnomuzeum.pl\/?page_id=967&lang=en#breadcrumb\"},\"inLanguage\":\"en-US\",\"potentialAction\":[{\"@type\":\"ReadAction\",\"target\":[\"http:\/\/przy.etnomuzeum.pl\/?page_id=967&lang=en\"]}]},{\"@type\":\"BreadcrumbList\",\"@id\":\"http:\/\/przy.etnomuzeum.pl\/?page_id=967&lang=en#breadcrumb\",\"itemListElement\":[{\"@type\":\"ListItem\",\"position\":1,\"name\":\"Home\",\"item\":\"http:\/\/przy.etnomuzeum.pl\/\"},{\"@type\":\"ListItem\",\"position\":2,\"name\":\"literature\"}]}]}<\/script>\n<!-- \/ Yoast SEO plugin. -->","yoast_head_json":{"title":"literature - Zwyczaje wielkanocne Przywo\u0142\u00f3wki dysngusowe na Kujawach","robots":{"index":"index","follow":"follow","max-snippet":"max-snippet:-1","max-image-preview":"max-image-preview:large","max-video-preview":"max-video-preview:-1"},"canonical":"http:\/\/przy.etnomuzeum.pl\/?page_id=967&lang=en","og_locale":"en_US","og_type":"article","og_title":"literature - Zwyczaje wielkanocne Przywo\u0142\u00f3wki dysngusowe na Kujawach","og_description":"[vc_row type=&#8221;full_width_background&#8221; full_screen_row_position=&#8221;middle&#8221; column_margin=&#8221;default&#8221; column_direction=&#8221;default&#8221; column_direction_tablet=&#8221;default&#8221; column_direction_phone=&#8221;default&#8221; mouse_based_parallax_bg=&#8221;true&#8221; scene_position=&#8221;center&#8221; mouse_sensitivity=&#8221;25&#8243; layer_one_image=&#8221;866&#8243; layer_one_strength=&#8221;0.1&#8243; layer_two_image=&#8221;988&#8243; layer_two_strength=&#8221;0.5&#8243; bottom_padding=&#8221;900&#8243; text_color=&#8221;dark&#8221; text_align=&#8221;left&#8221; row_border_radius=&#8221;none&#8221; row_border_radius_applies=&#8221;bg&#8221; overlay_strength=&#8221;0.3&#8243; gradient_direction=&#8221;left_to_right&#8221; shape_divider_position=&#8221;bottom&#8221; bg_image_animation=&#8221;none&#8221; shape_type=&#8221;&#8221;][vc_column column_padding=&#8221;no-extra-padding&#8221; column_padding_tablet=&#8221;inherit&#8221; column_padding_phone=&#8221;inherit&#8221; column_padding_position=&#8221;all&#8221; column_element_spacing=&#8221;default&#8221; background_color_opacity=&#8221;1&#8243;...","og_url":"http:\/\/przy.etnomuzeum.pl\/?page_id=967&lang=en","og_site_name":"Zwyczaje wielkanocne Przywo\u0142\u00f3wki dysngusowe na Kujawach","article_modified_time":"2021-11-16T12:15:42+00:00","twitter_card":"summary_large_image","twitter_misc":{"Est. reading time":"2 minutes"},"schema":{"@context":"https:\/\/schema.org","@graph":[{"@type":"WebSite","@id":"http:\/\/przy.etnomuzeum.pl\/#website","url":"http:\/\/przy.etnomuzeum.pl\/","name":"Zwyczaje wielkanocne Przywo\u0142\u00f3wki dysngusowe na Kujawach","description":"Dziedzictwo Niematerialne\/ Ulotne tradycje","potentialAction":[{"@type":"SearchAction","target":{"@type":"EntryPoint","urlTemplate":"http:\/\/przy.etnomuzeum.pl\/?s={search_term_string}"},"query-input":"required name=search_term_string"}],"inLanguage":"en-US"},{"@type":"WebPage","@id":"http:\/\/przy.etnomuzeum.pl\/?page_id=967&lang=en#webpage","url":"http:\/\/przy.etnomuzeum.pl\/?page_id=967&lang=en","name":"literature - Zwyczaje wielkanocne Przywo\u0142\u00f3wki dysngusowe na Kujawach","isPartOf":{"@id":"http:\/\/przy.etnomuzeum.pl\/#website"},"datePublished":"2021-11-01T18:06:56+00:00","dateModified":"2021-11-16T12:15:42+00:00","breadcrumb":{"@id":"http:\/\/przy.etnomuzeum.pl\/?page_id=967&lang=en#breadcrumb"},"inLanguage":"en-US","potentialAction":[{"@type":"ReadAction","target":["http:\/\/przy.etnomuzeum.pl\/?page_id=967&lang=en"]}]},{"@type":"BreadcrumbList","@id":"http:\/\/przy.etnomuzeum.pl\/?page_id=967&lang=en#breadcrumb","itemListElement":[{"@type":"ListItem","position":1,"name":"Home","item":"http:\/\/przy.etnomuzeum.pl\/"},{"@type":"ListItem","position":2,"name":"literature"}]}]}},"_links":{"self":[{"href":"http:\/\/przy.etnomuzeum.pl\/index.php?rest_route=\/wp\/v2\/pages\/967","targetHints":{"allow":["GET"]}}],"collection":[{"href":"http:\/\/przy.etnomuzeum.pl\/index.php?rest_route=\/wp\/v2\/pages"}],"about":[{"href":"http:\/\/przy.etnomuzeum.pl\/index.php?rest_route=\/wp\/v2\/types\/page"}],"author":[{"embeddable":true,"href":"http:\/\/przy.etnomuzeum.pl\/index.php?rest_route=\/wp\/v2\/users\/1"}],"replies":[{"embeddable":true,"href":"http:\/\/przy.etnomuzeum.pl\/index.php?rest_route=%2Fwp%2Fv2%2Fcomments&post=967"}],"version-history":[{"count":3,"href":"http:\/\/przy.etnomuzeum.pl\/index.php?rest_route=\/wp\/v2\/pages\/967\/revisions"}],"predecessor-version":[{"id":1260,"href":"http:\/\/przy.etnomuzeum.pl\/index.php?rest_route=\/wp\/v2\/pages\/967\/revisions\/1260"}],"wp:attachment":[{"href":"http:\/\/przy.etnomuzeum.pl\/index.php?rest_route=%2Fwp%2Fv2%2Fmedia&parent=967"}],"curies":[{"name":"wp","href":"https:\/\/api.w.org\/{rel}","templated":true}]}}